{"id":1296,"date":"2025-06-13T11:25:45","date_gmt":"2025-06-13T14:25:45","guid":{"rendered":"https:\/\/uegp172-cha.infd.edu.ar\/sitio\/?page_id=1296"},"modified":"2025-06-25T19:45:35","modified_gmt":"2025-06-25T22:45:35","slug":"diplomatura-en-madera-como-diseno-constructivo-de-vanguardia","status":"publish","type":"page","link":"https:\/\/uegp172-cha.infd.edu.ar\/sitio\/diplomatura-en-madera-como-diseno-constructivo-de-vanguardia\/","title":{"rendered":"Diplomatura en madera como dise\u00f1o constructivo de vanguardia"},"content":{"rendered":"\n<h2 class=\"wp-block-heading\">&#x1f9d1;&#x200d;&#x1f393; Destinatarios<\/h2>\n\n\n\n<p>Profesionales y t\u00e9cnicos del dise\u00f1o, arquitectura, construcci\u00f3n o interiorismo.<\/p>\n\n\n\n<h2 class=\"wp-block-heading\">&#x1f9e0; Requisitos t\u00e9cnicos<\/h2>\n\n\n\n<ul>\n<li>Conectividad y conocimientos b\u00e1sicos de inform\u00e1tica<\/li>\n<\/ul>\n\n\n\n<h2 class=\"wp-block-heading\">&#x1f4da; Contenidos destacados<\/h2>\n\n\n\n<ul>\n<li>Propiedades y tratamientos de la madera<\/li>\n\n\n\n<li>Sistemas constructivos<\/li>\n\n\n\n<li>Dise\u00f1o sustentable<\/li>\n\n\n\n<li>Estructuras en madera<\/li>\n\n\n\n<li>Taller integrador<\/li>\n<\/ul>\n\n\n\n<p><strong>&#x1f4ce; Inscribite ahora:<\/strong> Ingresa al siguiente enlace: <a rel=\"noreferrer noopener\" href=\"https:\/\/tinyurl.com\/2cxhcxas\" data-type=\"URL\" data-id=\"https:\/\/tinyurl.com\/2cxhcxas\" target=\"_blank\">https:\/\/tinyurl.com\/2cxhcxas<\/a><\/p>\n\n\n\n<figure class=\"wp-block-image size-full\"><img decoding=\"async\" loading=\"lazy\" width=\"208\" height=\"48\" src=\"https:\/\/uegp172-cha.infd.edu.ar\/sitio\/wp-content\/uploads\/2025\/06\/image-4.png\" alt=\"\" class=\"wp-image-1321\"\/><\/figure>\n\n\n\n<p><strong>&#x1f4b3; Pag\u00e1 online aqu\u00ed:<\/strong> <\/p>\n\n\n\n<p><strong>CBU:&nbsp;<\/strong>3110030211000141923042&nbsp;<br><strong>Alias :&nbsp;<\/strong>GALLO.HIJO.VILLA<br><strong>Raz\u00f3n social:<\/strong> Centro P La Formacion&nbsp;<\/p>\n\n\n\n<p><strong>Mercado pago:&nbsp; &nbsp;<\/strong>&nbsp;<br><strong>CVU:<\/strong> 0000003100027149957123<br><strong>Alias:<\/strong> UEGP172.MP&nbsp;&nbsp;<br>CENTRO EDUCATIVO PROFESOR GUSTAVO MARTINE<br><strong>CUIT\/CUIL: <\/strong>30712339310<\/p>\n\n\n<div class=\"wp-block-image\">\n<figure class=\"aligncenter size-full\"><img decoding=\"async\" loading=\"lazy\" width=\"312\" height=\"497\" src=\"https:\/\/uegp172-cha.infd.edu.ar\/sitio\/wp-content\/uploads\/2025\/06\/MADERA-cabecera-2.png\" alt=\"\" class=\"wp-image-1291\"\/><\/figure><\/div>","protected":false},"excerpt":{"rendered":"<p>&#x1f9d1;&#x200d;&#x1f393; Destinatarios Profesionales y t\u00e9cnicos del dise\u00f1o, arquitectura, construcci\u00f3n o interiorismo. &#x1f9e0; Requisitos t\u00e9cnicos &#x1f4da; Contenidos destacados &#x1f4ce; Inscribite ahora: Ingresa al siguiente enlace: https:\/\/tinyurl.com\/2cxhcxas &#x1f4b3; Pag\u00e1 online aqu\u00ed: CBU:&nbsp;3110030211000141923042&nbsp;Alias :&nbsp;GALLO.HIJO.VILLARaz\u00f3n social: Centro P La Formacion&nbsp; Mercado pago:&nbsp; &nbsp;&nbsp;CVU: 0000003100027149957123Alias: UEGP172.MP&nbsp;&nbsp;CENTRO EDUCATIVO PROFESOR GUSTAVO MARTINECUIT\/CUIL: 30712339310<\/p>\n","protected":false},"author":12,"featured_media":0,"parent":0,"menu_order":0,"comment_status":"closed","ping_status":"closed","template":"","meta":[],"acf":[],"_links":{"self":[{"href":"https:\/\/uegp172-cha.infd.edu.ar\/sitio\/wp-json\/wp\/v2\/pages\/1296"}],"collection":[{"href":"https:\/\/uegp172-cha.infd.edu.ar\/sitio\/wp-json\/wp\/v2\/pages"}],"about":[{"href":"https:\/\/uegp172-cha.infd.edu.ar\/sitio\/wp-json\/wp\/v2\/types\/page"}],"author":[{"embeddable":true,"href":"https:\/\/uegp172-cha.infd.edu.ar\/sitio\/wp-json\/wp\/v2\/users\/12"}],"replies":[{"embeddable":true,"href":"https:\/\/uegp172-cha.infd.edu.ar\/sitio\/wp-json\/wp\/v2\/comments?post=1296"}],"version-history":[{"count":6,"href":"https:\/\/uegp172-cha.infd.edu.ar\/sitio\/wp-json\/wp\/v2\/pages\/1296\/revisions"}],"predecessor-version":[{"id":1322,"href":"https:\/\/uegp172-cha.infd.edu.ar\/sitio\/wp-json\/wp\/v2\/pages\/1296\/revisions\/1322"}],"wp:attachment":[{"href":"https:\/\/uegp172-cha.infd.edu.ar\/sitio\/wp-json\/wp\/v2\/media?parent=1296"}],"curies":[{"name":"wp","href":"https:\/\/api.w.org\/{rel}","templated":true}]}}