{"id":1298,"date":"2025-06-13T11:26:27","date_gmt":"2025-06-13T14:26:27","guid":{"rendered":"https:\/\/uegp172-cha.infd.edu.ar\/sitio\/?page_id=1298"},"modified":"2025-06-25T19:44:57","modified_gmt":"2025-06-25T22:44:57","slug":"diplomatura-en-bromatologia-y-seguridad-alimentaria","status":"publish","type":"page","link":"https:\/\/uegp172-cha.infd.edu.ar\/sitio\/diplomatura-en-bromatologia-y-seguridad-alimentaria\/","title":{"rendered":"Diplomatura en bromatolog\u00eda y seguridad alimentaria"},"content":{"rendered":"\n<p>\u00a1Capac\u00edtate en calidad y seguridad alimentaria con una formaci\u00f3n integral y virtual!<\/p>\n\n\n\n<h2 class=\"wp-block-heading\">&#x1f9d1;&#x200d;&#x1f393; Destinatarios<\/h2>\n\n\n\n<p>Personas con t\u00edtulo secundario o formaci\u00f3n t\u00e9cnica af\u00edn. Ideal para profesionales o aspirantes del sector alimentario.<\/p>\n\n\n\n<h2 class=\"wp-block-heading\">&#x1f9e0; Requisitos t\u00e9cnicos<\/h2>\n\n\n\n<ul>\n<li>Manejo b\u00e1sico de PC<\/li>\n\n\n\n<li>Conectividad y dispositivos adecuados<\/li>\n<\/ul>\n\n\n\n<h2 class=\"wp-block-heading\">&#x1f4da; Contenidos destacados<\/h2>\n\n\n\n<ul>\n<li>Introducci\u00f3n a la bromatolog\u00eda<\/li>\n\n\n\n<li>Legislaci\u00f3n alimentaria<\/li>\n\n\n\n<li>Microbiolog\u00eda de los alimentos<\/li>\n\n\n\n<li>Enfermedades transmitidas por alimentos<\/li>\n\n\n\n<li>Gesti\u00f3n de calidad: BPM y HACCP<\/li>\n<\/ul>\n\n\n\n<p><strong>&#x1f4ce; Inscribite ahora <\/strong>ingresando al siguiente enlace: <a rel=\"noreferrer noopener\" href=\"https:\/\/tinyurl.com\/25nn3x4l\" data-type=\"URL\" data-id=\"https:\/\/tinyurl.com\/25nn3x4l\" target=\"_blank\">https:\/\/tinyurl.com\/25nn3x4l<\/a><\/p>\n\n\n\n<figure class=\"wp-block-image size-full\"><img decoding=\"async\" loading=\"lazy\" width=\"208\" height=\"48\" src=\"https:\/\/uegp172-cha.infd.edu.ar\/sitio\/wp-content\/uploads\/2025\/06\/image-3.png\" alt=\"\" class=\"wp-image-1319\"\/><\/figure>\n\n\n\n<p><strong>&#x1f4b3; Pag\u00e1 online aqu\u00ed:<\/strong> <\/p>\n\n\n\n<p>CBU: 3110030211000141923042<br>Alias: GALLO.HIJO.VILLA<br>Raz\u00f3n Social: Centro P La Formaci\u00f3n&nbsp;&nbsp;&nbsp;&nbsp;&nbsp;&nbsp;&nbsp;&nbsp;&nbsp;&nbsp;&nbsp;<\/p>\n\n\n\n<p>Mercado pago:&nbsp;&nbsp;&nbsp;<\/p>\n\n\n\n<p>CVU: 0000003100027149957123<br>Alias: UEGP172.MP<\/p>\n\n\n<div class=\"wp-block-image\">\n<figure class=\"aligncenter size-full\"><img decoding=\"async\" loading=\"lazy\" width=\"312\" height=\"497\" src=\"https:\/\/uegp172-cha.infd.edu.ar\/sitio\/wp-content\/uploads\/2025\/06\/MADERA-cabecera-1.png\" alt=\"\" class=\"wp-image-1290\"\/><\/figure><\/div>","protected":false},"excerpt":{"rendered":"<p>\u00a1Capac\u00edtate en calidad y seguridad alimentaria con una formaci\u00f3n integral y virtual! &#x1f9d1;&#x200d;&#x1f393; Destinatarios Personas con t\u00edtulo secundario o formaci\u00f3n t\u00e9cnica af\u00edn. Ideal para profesionales o aspirantes del sector alimentario. &#x1f9e0; Requisitos t\u00e9cnicos &#x1f4da; Contenidos destacados &#x1f4ce; Inscribite ahora ingresando al siguiente enlace: https:\/\/tinyurl.com\/25nn3x4l &#x1f4b3; Pag\u00e1 online aqu\u00ed: CBU: 3110030211000141923042Alias: GALLO.HIJO.VILLARaz\u00f3n Social: Centro P La &#8230; <a title=\"Diplomatura en bromatolog\u00eda y seguridad alimentaria\" class=\"read-more\" href=\"https:\/\/uegp172-cha.infd.edu.ar\/sitio\/diplomatura-en-bromatologia-y-seguridad-alimentaria\/\" aria-label=\"More on Diplomatura en bromatolog\u00eda y seguridad alimentaria\">[+]<\/a><\/p>\n","protected":false},"author":12,"featured_media":0,"parent":0,"menu_order":0,"comment_status":"closed","ping_status":"closed","template":"","meta":[],"acf":[],"_links":{"self":[{"href":"https:\/\/uegp172-cha.infd.edu.ar\/sitio\/wp-json\/wp\/v2\/pages\/1298"}],"collection":[{"href":"https:\/\/uegp172-cha.infd.edu.ar\/sitio\/wp-json\/wp\/v2\/pages"}],"about":[{"href":"https:\/\/uegp172-cha.infd.edu.ar\/sitio\/wp-json\/wp\/v2\/types\/page"}],"author":[{"embeddable":true,"href":"https:\/\/uegp172-cha.infd.edu.ar\/sitio\/wp-json\/wp\/v2\/users\/12"}],"replies":[{"embeddable":true,"href":"https:\/\/uegp172-cha.infd.edu.ar\/sitio\/wp-json\/wp\/v2\/comments?post=1298"}],"version-history":[{"count":7,"href":"https:\/\/uegp172-cha.infd.edu.ar\/sitio\/wp-json\/wp\/v2\/pages\/1298\/revisions"}],"predecessor-version":[{"id":1320,"href":"https:\/\/uegp172-cha.infd.edu.ar\/sitio\/wp-json\/wp\/v2\/pages\/1298\/revisions\/1320"}],"wp:attachment":[{"href":"https:\/\/uegp172-cha.infd.edu.ar\/sitio\/wp-json\/wp\/v2\/media?parent=1298"}],"curies":[{"name":"wp","href":"https:\/\/api.w.org\/{rel}","templated":true}]}}