{"id":787,"date":"2019-04-25T20:30:29","date_gmt":"2019-04-25T23:30:29","guid":{"rendered":"https:\/\/uegp172-cha.infd.edu.ar\/sitio\/?page_id=787"},"modified":"2019-12-31T08:38:06","modified_gmt":"2019-12-31T11:38:06","slug":"resena-historica","status":"publish","type":"page","link":"https:\/\/uegp172-cha.infd.edu.ar\/sitio\/resena-historica\/","title":{"rendered":"Rese\u00f1a hist\u00f3rica"},"content":{"rendered":"<h4><strong>Finalidad original de la Instituci\u00f3n<\/strong><\/h4>\n<p>La Instituci\u00f3n est\u00e1 dando sus primeros pasos en el \u00e1mbito educativo provincial y pretende contribuir a la Formaci\u00f3n de j\u00f3venes y adultos que forman parte del Estado y que a partir de su formaci\u00f3n en esta instituci\u00f3n formar\u00e1n los cuadros de profesionales que favorecer\u00e1n a la modernizaci\u00f3n del Estado.<\/p>\n<h4><strong>Caracter\u00edsticas que pose\u00eda el servicio en sus comienzos<\/strong><\/h4>\n<p>La Asociaci\u00f3n Civil \u201cCentro para la Formaci\u00f3n T\u00e9cnica, Profesional, Capacitaci\u00f3n, Promoci\u00f3n Social, Productivas, Industriales de Investigaci\u00f3n y Acci\u00f3n Educativa y Cultural\u201d que di\u00f3 origen a la UEGP N\u00b0 172 \u201cGobernador Deolindo Felipe Bittel\u201d tuvo como objetivo primordial coordinar acciones con los trabajadores de los distintos organismos provinciales, tales como: Administraci\u00f3n Provincial del Agua, Instituto Provincial de Vivienda, Vialidad Provincial, Subsecretar\u00eda de Energ\u00eda y de Obras P\u00fablicas; a fin de lograr que el trabajador pueda mejorar su capacidad para la prestaci\u00f3n de servicios.<\/p>\n<h4><strong>Caracter\u00edsticas de los destinatarios originales<\/strong><\/h4>\n<p>Los destinatarios originales fueron agentes de la administraci\u00f3n p\u00fablica que se desempe\u00f1aban antiguamente en las diferentes \u00e1reas estatales y que por diferentes razones no pudieron terminar sus estudios.<br \/>\nEsta Instituci\u00f3n de oferta gratuita, brinda la posibilidad a los trabajadores de realizar acciones formativas para mejorar el desempe\u00f1o de las organizaciones y las competencias de las personas en el marco de pol\u00edticas de desarrollo del personal, dotadas de est\u00e1ndares de calidad, capaces de utilizar de modo \u00f3ptimo los recursos internos y de poder ser evaluadas para retroalimentar los procesos de gesti\u00f3n.<\/p>\n<h4>Misi\u00f3n<\/h4>\n<p>Nuestra misi\u00f3n es brindar una educaci\u00f3n integradora que mejore las perspectivas del presente y que forme alumnos con distintas competencias, habilidades, valores y con un juicio cr\u00edtico; para que sean capaces de trascender en su beneficio y en el de su comunidad.<\/p>\n<h4><strong>Visi\u00f3n<\/strong><\/h4>\n<p>Aspiramos a ser una Instituci\u00f3n incluyente e impulsora que promueva la superaci\u00f3n de los distintos actores que interact\u00faan en la escuela. La meta m\u00e1s importante es tener una Instituci\u00f3n con calidad que satisfaga las expectativas futuras de nuestros alumnos.<\/p>\n<h4><strong>Objetivos generales<\/strong><\/h4>\n<ol>\n<li>Formar profesionales comprometidos con la sociedad y responsables de la actividad laboral que les corresponde desempe\u00f1ar.<\/li>\n<li>Capacitar al egresado para desempe\u00f1arse en su \u00e1rea espec\u00edfica, profundizando tanto los aspectos te\u00f3ricos como el crecimiento disciplinar y la capacidad cr\u00edtica.<\/li>\n<\/ol>\n","protected":false},"excerpt":{"rendered":"<p>Finalidad original de la Instituci\u00f3n La Instituci\u00f3n est\u00e1 dando sus primeros pasos en el \u00e1mbito educativo provincial y pretende contribuir a la Formaci\u00f3n de j\u00f3venes y adultos que forman parte del Estado y que a partir de su formaci\u00f3n en esta instituci\u00f3n formar\u00e1n los cuadros de profesionales que favorecer\u00e1n a la modernizaci\u00f3n del Estado. Caracter\u00edsticas &#8230; <a title=\"Rese\u00f1a hist\u00f3rica\" class=\"read-more\" href=\"https:\/\/uegp172-cha.infd.edu.ar\/sitio\/resena-historica\/\" aria-label=\"More on Rese\u00f1a hist\u00f3rica\">[+]<\/a><\/p>\n","protected":false},"author":12,"featured_media":0,"parent":0,"menu_order":0,"comment_status":"closed","ping_status":"closed","template":"","meta":[],"acf":[],"_links":{"self":[{"href":"https:\/\/uegp172-cha.infd.edu.ar\/sitio\/wp-json\/wp\/v2\/pages\/787"}],"collection":[{"href":"https:\/\/uegp172-cha.infd.edu.ar\/sitio\/wp-json\/wp\/v2\/pages"}],"about":[{"href":"https:\/\/uegp172-cha.infd.edu.ar\/sitio\/wp-json\/wp\/v2\/types\/page"}],"author":[{"embeddable":true,"href":"https:\/\/uegp172-cha.infd.edu.ar\/sitio\/wp-json\/wp\/v2\/users\/12"}],"replies":[{"embeddable":true,"href":"https:\/\/uegp172-cha.infd.edu.ar\/sitio\/wp-json\/wp\/v2\/comments?post=787"}],"version-history":[{"count":1,"href":"https:\/\/uegp172-cha.infd.edu.ar\/sitio\/wp-json\/wp\/v2\/pages\/787\/revisions"}],"predecessor-version":[{"id":788,"href":"https:\/\/uegp172-cha.infd.edu.ar\/sitio\/wp-json\/wp\/v2\/pages\/787\/revisions\/788"}],"wp:attachment":[{"href":"https:\/\/uegp172-cha.infd.edu.ar\/sitio\/wp-json\/wp\/v2\/media?parent=787"}],"curies":[{"name":"wp","href":"https:\/\/api.w.org\/{rel}","templated":true}]}}