{"id":810,"date":"2019-04-25T21:43:59","date_gmt":"2019-04-26T00:43:59","guid":{"rendered":"https:\/\/uegp172-cha.infd.edu.ar\/sitio\/?page_id=810"},"modified":"2020-03-10T21:13:30","modified_gmt":"2020-03-11T00:13:30","slug":"tecnicaturas","status":"publish","type":"page","link":"https:\/\/uegp172-cha.infd.edu.ar\/sitio\/tecnicaturas\/","title":{"rendered":"Tecnicaturas"},"content":{"rendered":"<p><b>TECNICATURA SUPERIOR GESTI\u00d3N\u00a0SOCIAL<\/b><\/p>\n<ul>\n<li><strong>Alcance del Titulo:\u00a0<\/strong>Acredita conocimientos, actitudes y capacidades para:<\/li>\n<\/ul>\n<p>-Promover y acompa\u00f1ar la participaci\u00f3n organizada de personas, grupos y comunidades para superar o transformar situaci\u00f3n problema.<\/p>\n<p>&#8211; Realizar acciones de promoci\u00f3n, prevenci\u00f3n, asistencia y articulaci\u00f3n dirigida a personas y grupos sociales para resoluci\u00f3n conjunta de necesidades y el ejercicio de derecho.<\/p>\n<p>-Brindar orientaci\u00f3n, asesoramiento\u00a0 y capacitaci\u00f3n en materia de acci\u00f3n social a personas, grupos e instituciones.<\/p>\n<p>-Realizar acciones tendientes aprevenir la aparici\u00f3n de problemas sociales y \/o sus efectos.<\/p>\n<p>-Asistir y promover\u00a0 acciones tendientes a satisfacer necesidades desde el reconocimiento de los derechos sociales.<\/p>\n<p>-Realizar estudios diagn\u00f3sticos de la realidad social para delinear estrategias de intervenci\u00f3n sobre\u00a0 los diferentes campos problem\u00e1ticos.<\/p>\n<p>-Realizar acciones de capacitaci\u00f3n y supervisi\u00f3n a grupos e instituciones.<\/p>\n<p>-Asesorar en la formulaci\u00f3n, ejecuci\u00f3n y evaluaci\u00f3n a grupos e instituciones.<\/p>\n<p>-Planificar, asesorar, coordinar ejecutar y evaluar\u00a0 en los distintos\u00a0 \u00e1mbitos y niveles de intervenci\u00f3n, planes, programas\u00a0 y proyectos sociales.<\/p>\n<p>-Realizar estudios e investigaciones sobre:<\/p>\n<p>La realidad sociocultural y los aspectos epistemol\u00f3gicos de \u00e1rea profesional para construir modelos de intervenci\u00f3n profesional, acorde a los contextos hist\u00f3ricos sociales.<\/p>\n<p>Las problem\u00e1ticas sociales complejas\u00a0 y nuevo escenarios sociales.<\/p>\n<p>Las problem\u00e1ticas sociales emergentes.<\/p>\n<p>-Participar\u00a0 en equipos interdisciplinarios, aportando desde la especificidad de la profesi\u00f3n elementos de la cuesti\u00f3n social para el abordaje integral.<\/p>\n<ul>\n<li><strong>\u00a0Programa:\u00a0<\/strong><a href=\"https:\/\/drive.google.com\/file\/d\/11cscm5A_QsetW5YDPQxO-D1vgH2Vvn_t\/view?usp=sharing\" target=\"_blank\" rel=\"noopener noreferrer\">Tecnicatura Superior en Gesti\u00f3n Social.<\/a><\/li>\n<\/ul>\n<p>&nbsp;<\/p>\n<p><b>TECNICATURA SUPERIOR EN GESTI\u00d3N DE SERVICIOS P\u00daBLICOS\u00a0Y\u00a0<\/b><b>PRIVADOS<\/b><\/p>\n<ul>\n<li><strong>Alcance del Titulo:<\/strong>Acredita conocimientos, actitudes y capacidades para lograr su desempe\u00f1o en diferentes \u00e1mbitos de la Administraci\u00f3n P\u00fablica y Privada Provincial, Nacional o Municipal al haber desarrollado:<\/li>\n<\/ul>\n<p>&#8211; Conocimientos te\u00f3ricos-pr\u00e1cticos y tecnol\u00f3gicos adecuados para asistir y colaborar en la funci\u00f3n p\u00fablica y privada<\/p>\n<p>&#8211; Habilidades para seleccionar las herramientas m\u00e1s adecuadas para optimizar el desempe\u00f1o laboral en la organizaci\u00f3n estatal.<\/p>\n<p>&#8211; Conocimientos y actitudes para optimizar la utilizaci\u00f3n de los recursos disponibles en el marco del mejoramiento institucional continuo.<\/p>\n<ul>\n<li><strong>\u00a0Programa:\u00a0<\/strong><a href=\"https:\/\/drive.google.com\/file\/d\/1OvIlYxbT0w3iwE0X-C9EWxC3guPwoa7V\/view?usp=sharing\" target=\"_blank\" rel=\"noopener noreferrer\">Tecnicatura Superior en Gesti\u00f3n de Servicios P\u00fablicos y Privados. Res N\u00b0 3810\/15 MECCyT<\/a><\/li>\n<\/ul>\n<p><b>TECNICATURA SUPERIOR\u00a0 EN INTEGRACI\u00d3N SOCIAL Y FAMILIAR<\/b><\/p>\n<ul>\n<li><strong>Alcance del Titulo:\u00a0<\/strong>Estar\u00e1 capacitado para ejecutar funciones de programaci\u00f3n, organizaci\u00f3n y evaluaci\u00f3n de las intervenciones de Integraci\u00f3n Social y Familiar en:<\/li>\n<\/ul>\n<p>&#8211; Administraciones p\u00fablicas o Entidades privadas, con o sin fines de lucro.<\/p>\n<p>-Centros de servicios sociales.<\/p>\n<p>-Centros de acogida y centros residenciales.<\/p>\n<p>-Centros de ense\u00f1anza reglada.<\/p>\n<p>-Centros de inserci\u00f3n ocupacional y profesional.<\/p>\n<p>-Centros de Servicios de ayuda a domicilio que incluyan programas de prevenci\u00f3n o inserci\u00f3n social y familiar.<\/p>\n<ul>\n<li><strong>Programa:\u00a0<\/strong><a href=\"https:\/\/drive.google.com\/file\/d\/1djFmqwon6Nff82AA5DgkqaMTtPKTqDTz\/view?usp=sharing\" target=\"_blank\" rel=\"noopener noreferrer\">Tecnicatura Superior en Integraci\u00f3n Social y Familiar Res. 3809\/15<\/a><\/li>\n<\/ul>\n<p><b>TECNICATURA SUPERIOR EN ORGANIZACI\u00d3N Y ADMINISTRACI\u00d3N\u00a0FAMILIAR<\/b><\/p>\n<ul>\n<li><strong>Alcance del Titulo:<\/strong><\/li>\n<li><strong>Programa:<\/strong>\u00a0<a href=\"https:\/\/drive.google.com\/file\/d\/18a01pep1NQzX7JG0kCHhETM9-OoS3zG8\/view?usp=sharing\" target=\"_blank\" rel=\"noopener noreferrer\">Tecnicatura Superior en Organizaci\u00f3n y Administraci\u00f3n de Cooperativas\u00a0 Res N\u00b0 3812\/15 MECCyT<\/a><\/li>\n<\/ul>\n<p><b>TECNICATURA SUPERIOR EN GESTI\u00d3N\u00a0AMBIENTAL<\/b><\/p>\n<ul>\n<li><strong>Alcance del Titulo:<\/strong><\/li>\n<li><strong>Programa:\u00a0<\/strong><a href=\"https:\/\/drive.google.com\/file\/d\/1gNB6-thQVDBn41SvGAY_NLZtSGtkcVBK\/view?usp=sharing\" target=\"_blank\" rel=\"noopener noreferrer\">Tecnicatura Superior en Gesti\u00f3n Ambiental Res N\u00b0 3816\/15 MECCyT<\/a><\/li>\n<\/ul>\n<p><b>TECNICATURA SUPERIOR\u00a0 EN\u00a0ELECTROMEC\u00c1NICA<\/b><\/p>\n<ul>\n<li><strong>Alcance del Titulo:<\/strong><\/li>\n<li><strong>Programa:\u00a0<\/strong><a href=\"https:\/\/drive.google.com\/file\/d\/19wPqwkZuQ6rq5mmpZXrM-6dWdK4hr_Lh\/view?usp=sharing\" target=\"_blank\" rel=\"noopener noreferrer\">Tecnicatura Superior en Electromec\u00e1nica. Res N\u00b0 3813\/15 MECCyT<\/a><\/li>\n<\/ul>\n<p><b>TECNICATURA SUPERIOR SUPERIOR EN OBRAS CIVILES<\/b><\/p>\n<ul>\n<li><strong>Alcance del Titulo:<\/strong><\/li>\n<li><strong>Programa:\u00a0<\/strong><a href=\"https:\/\/drive.google.com\/file\/d\/1DXB81h1ayuHN7vUtUpEtXPE3XZzaQg6O\/view?usp=sharing\" target=\"_blank\" rel=\"noopener noreferrer\">Tecnicatura Superior en Construcci\u00f3n de Obras Civiles. Res N\u00b0 3818\/15 MECCyT<\/a><\/li>\n<\/ul>\n<p><b>TECNICATURA SUPERIOR EN OBRAS P\u00daBLICAS E HIDR\u00c1ULICAS<\/b><\/p>\n<ul>\n<li><strong>Alcance del Titulo:<\/strong><\/li>\n<li><strong>Programa:\u00a0<\/strong><a href=\"https:\/\/drive.google.com\/file\/d\/13JOp6onXjM5h2xhvBTVcCtijX7ahVR42\/view?usp=sharing\" target=\"_blank\" rel=\"noopener noreferrer\">Tecnicatura Superior en Obras P\u00fablicas e Hidr\u00e1ulicas. Res N\u00b0 3814\/15 MECCyT<\/a><\/li>\n<\/ul>\n<p><b>TECNICATURA SUPERIOR EN CONSTRUCCIONES VIALES<\/b><\/p>\n<ul>\n<li><strong>Alcance del Titulo:<\/strong><\/li>\n<li><strong>Programa:\u00a0<\/strong><a href=\"https:\/\/drive.google.com\/file\/d\/1sUwceE1g-UvzuwocW-Hf9khtyjLjtCBh\/view?usp=sharing\" target=\"_blank\" rel=\"noopener noreferrer\">Tecnicatura Superior en Construcciones Viales<\/a><\/li>\n<\/ul>\n<p><b>TECNICATURA SUPERIOR EN INSTALACI\u00d3N DE GAS<\/b><\/p>\n<ul>\n<li><strong>Alcance del Titulo:\u00a0<\/strong>Habilita conocimientos, habilidades, destrezas, actitudes y capacidades para desarrollar:<\/li>\n<\/ul>\n<p>&#8211; Actividades de Proyecto, gesti\u00f3n, control y\/o ejecuci\u00f3n de instalaciones de Gas en derivaciones interiores a los predios domiciliarios, siempre bajo la supervisi\u00f3n de un facultativo, bajo el marco regulatorio de la Industria del Gas.<\/p>\n<p>&#8211; Actividades en las tareas de planificaci\u00f3n, organizaci\u00f3n, ejecuci\u00f3n y asistencia en instalaciones de Gas.<\/p>\n<p>&#8211; Controles y Ajustes en los par\u00e1metros referidos a seguridad, mantenimiento, protecci\u00f3n ambiental,\u00a0 \u00a0procedimientos t\u00e9cnicos y comerciales, calidad del servicio en lo referente al Gas Natural Comprimido, GLP y otros. (En este sentido, existe un Marco Regulatorio de la industria del Gas, contenido b\u00e1sicamente en las\u00a0 Resoluciones N\u00b01192\/99 y N\u00b0 1482\/00).<\/p>\n<p>&#8211; Actividades de capacitaci\u00f3n del personal de empresas de distribuci\u00f3n de Gas y verificar el cumplimiento de legislaci\u00f3n vigente.<\/p>\n<ul>\n<li><strong>Programa:\u00a0<\/strong><a href=\"https:\/\/drive.google.com\/file\/d\/1hCGvq8w9qaWT1-5ckXFgOO5l10mz7jlq\/view?usp=sharing\" target=\"_blank\" rel=\"noopener noreferrer\">Tecnicatura Superior en Instalaci\u00f3n de Gas Res N\u00b0 4292\/15 MECCyT<\/a><\/li>\n<\/ul>\n<p><b>TECNICATURA SUPERIOR\u00a0EN ENFERMER\u00cdA PROFESIONAL<\/b><\/p>\n<ul>\n<li>\u00a0<strong>Duraci\u00f3n<\/strong>:\u00a03 (tres) a\u00f1os<\/li>\n<li><strong>Alcance del Titulo:\u00a0<\/strong>El \u00e1rea ocupacional del enfermero\/a es el Sector Salud, espec\u00edficamente en las siguientes Instituciones:<\/li>\n<\/ul>\n<p>&#8211; Centros de salud y \u00e1reas program\u00e1ticas. Domicilios.<\/p>\n<p>&#8211; Instituciones educativas<\/p>\n<p>&#8211; Comit\u00e9s y grupos de \u00e9tica profesional, Infecciones, Investigaci\u00f3n.<\/p>\n<p>&#8211; Competencia general<\/p>\n<p>El\/la Enfermero\/a est\u00e1 capacitado\/a para: desarrollar, brindar y gestionar cuidados de enfermer\u00eda para la promoci\u00f3n, prevenci\u00f3n, recuperaci\u00f3n y rehabilitaci\u00f3n de la persona, la familia, grupo y comunidad hasta el nivel de complejidad intermedio, en los \u00e1mbitos comunitario y hospitalario; gestionar su \u00e1mbito de trabajo ya sea en relaci\u00f3n de dependencia o en forma independiente y participar en estudios de investigaci\u00f3n-acci\u00f3n.<br \/>\nEste profesional se forma para desempe\u00f1arse en el \u00e1mbito hospitalario y comunitario. Ello le permite actuar de manera interdisciplinaria con profesionales de diferente nivel de calificaci\u00f3n en otras \u00e1reas, eventualmente involucrados en su actividad: m\u00e9dicos de distintas especialidades, enfermeros, t\u00e9cnicos y otros<br \/>\nprofesionales del campo de la salud.<br \/>\nComo enfermero\/a es capaz de interpretar las definiciones estrat\u00e9gicas surgidas de los estamentos profesionales y jer\u00e1rquicos correspondientes en el marco de un equipo de trabajo en el cual participa, gestiona sus actividades espec\u00edficas y recursos de los cuales es responsable, realizar y controlar la totalidad de las actividades requeridas hasta su efectiva concreci\u00f3n, teniendo en cuenta los criterios de seguridad, impacto ambiental, relaciones humanas, calidad, productividad y costos. Asimismo, es responsable y ejerce autonom\u00eda respecto de su propio trabajo. Toma decisiones sobre aspectos problem\u00e1ticos y no rutinarios en todas las funciones y actividades de su trabajo. Las funciones son incluyentes de las del Auxiliar de Enfermer\u00eda.<br \/>\nEl Enfermero\/a posee competencias transversales que le permiten asumir una responsabilidad integral del proceso en el que interviene -desde su actividad espec\u00edfica y en funci\u00f3n de la experiencia acumulada- e interactuar con otros trabajadores y profesionales del sector de la Salud. Estas competencias y el<br \/>\ndominio de fundamentos cient\u00edficos, y los conocimientos de metodolog\u00edas de cuidado enfermero le otorgan una base de polivalencia dentro de su \u00e1mbito de desempe\u00f1o que le permiten ingresar a procesos de formaci\u00f3n para adaptarse flexiblemente a distintos roles profesionales, para trabajar de manera interdisciplinaria y en equipo y para continuar aprendiendo a lo largo de toda su vida.<br \/>\nDesarrolla el dominio de un \u201csaber hacer\u201d complejo en el que se movilizan conocimientos, valores, actitudes y habilidades de car\u00e1cter tecnol\u00f3gico, social y personal que definen su identidad profesional. Estos valores y actitudes est\u00e1n en la base de los c\u00f3digos de \u00e9tica propios de su campo profesional.<\/p>\n<ul>\n<li><strong>\u00a0Programa:\u00a0<\/strong><a href=\"https:\/\/drive.google.com\/file\/d\/1-kuhLzzYeVkjioJGkXn86X_NKbD8bxra\/view?usp=sharing\" target=\"_blank\" rel=\"noopener noreferrer\">Tecnicatura Superior en Enfermer\u00eda Profesional<\/a><\/li>\n<\/ul>\n<p><b>TECNICATURA SUPERIOR EN ADMINISTRACI\u00d3N Y GESTI\u00d3N PARLAMENTARIA<\/b><\/p>\n<ul>\n<li><strong>Alcance del Titulo:\u00a0<\/strong>Habilitar\u00e1 al egresado para:<\/li>\n<\/ul>\n<p>&#8211; Integrar equipos de gesti\u00f3n y planificaci\u00f3n.<\/p>\n<p>&#8211; Supervisar e integrar grupos de trabajo.<\/p>\n<p>&#8211; Desempe\u00f1arse como miembro de equipos de asesor\u00eda t\u00e9cnica en temas de gesti\u00f3n parlamentaria tanto a nivel p\u00fablico como privado.<\/p>\n<p>&#8211; Desempe\u00f1arse como funcionario p\u00fablico en los niveles jer\u00e1rquicos en carreras administrativas\u00a0 parlamentarias.<\/p>\n<p>&#8211; Integrar equipos de trabajo tanto dentro de su disciplina como multidisciplinarios.<\/p>\n<p>&#8211; Conducir y asesorar instituciones educativas del medio y participar en equipos de an\u00e1lisis evaluaci\u00f3n\u00a0 educativa institucional.<\/p>\n<ul>\n<li><strong>\u00a0Programa:\u00a0<\/strong><a href=\"https:\/\/drive.google.com\/file\/d\/1EBBaQWsFY2Jr7GLO0QZzw9zMb4LgDthE\/view?usp=sharing\" target=\"_blank\" rel=\"noopener noreferrer\">Tecnicatura Superior en Administraci\u00f3n y Gesti\u00f3n Parlamentaria Res N\u00b0 4718\/17 MECCyT<\/a><\/li>\n<\/ul>\n<p><b>TECNICATURA SUPERIOR EN TECNOLOG\u00cdA\u00a0DE LOS ALIMENTOS<\/b><\/p>\n<ul>\n<li><strong>Alcance del Titulo:<\/strong>Est\u00e1 capacitado para aplicar y transferir conocimientos, habilidades, destrezas, valores y actitudes en situaciones reales de trabajo, conforme a criterios de profesionalidad propios de su \u00e1rea y responsabilidad social al:<\/li>\n<\/ul>\n<p>-Analizar, diagnosticar y resolver problemas espec\u00edficos del \u00e1rea que van desde la adecuada selecci\u00f3n\u00a0 almacenamiento de materia prima, insumos y productos terminados hasta el consumidor final.<\/p>\n<p>&#8211; Implementar, operar y\/o controlar los par\u00e1metros de proceso en las distintas l\u00edneas de producci\u00f3n y en los equipo a trav\u00e9s de los instrumentos existentes de la industria alimentaria.<\/p>\n<p>&#8211; Organizar y dirigir las actividades de laboratorio, de los distintos procesos de producci\u00f3n y\/o del desarrollo de nuevos productos, conformes a las normas de higiene, seguridad y ambiente en el procesamiento de los alimentos.<\/p>\n<p>-Realizar e interpretar los an\u00e1lisis y ensayos organol\u00e9pticos, f\u00edsicos, qu\u00edmicos, fisicoqu\u00edmicos y microbiol\u00f3gicos de materias primas, insumos, materiales en proceso y productos alimenticios (de origen animal, vegetal, mineral y\/o artificial), efluentes y emisiones al medio ambiente.<\/p>\n<p>-Aplicar y controlar la ejecuci\u00f3n de normas de higiene y seguridad, ambientales, inocuidad, inspecci\u00f3n e integridad a\u00a0 fin de alcanzar los est\u00e1ndares definidos en la producci\u00f3n y comercializaci\u00f3n de los distintos tipos de alimentos.\u201d<\/p>\n<p>&#8211; Generar y\/o participar de emprendimientos vinculados con \u00e1reas de su profesionalidad.<\/p>\n<p>&#8211; El t\u00e9cnico est\u00e1 capacitado para desempe\u00f1arse en diferentes situaciones y contextos regionales que caracterizan la producci\u00f3n de alimentos en nuestro pa\u00eds. Por ello el presente marco establece como funciones y subfunciones b\u00e1sicas y comunes a todo los T\u00e9cnicos Superiores en Tecnolog\u00eda de los Alimentos las descriptas anteriormente.<\/p>\n<ul>\n<li><strong>\u00a0Programa:\u00a0<\/strong><a href=\"https:\/\/drive.google.com\/file\/d\/13CXvTdCEMsDt1n68-NcgTwALwareqdiv\/view?usp=sharing\" target=\"_blank\" rel=\"noopener noreferrer\">Tecnicatura Superior en Tecnolog\u00eda de los Alimentos.<\/a><\/li>\n<\/ul>\n<p><b>TECNICATURA SUPERIOR\u00a0<\/b><\/p>\n<ul>\n<li><strong>Alcance del Titulo:<\/strong><\/li>\n<li><strong>Programa:\u00a0<\/strong>Tecnicatura Superior \u201cAuxiliar Docente\u201d\u00a0 7433\/2017 MECCyT<\/li>\n<\/ul>\n","protected":false},"excerpt":{"rendered":"<p>TECNICATURA SUPERIOR GESTI\u00d3N\u00a0SOCIAL Alcance del Titulo:\u00a0Acredita conocimientos, actitudes y capacidades para: -Promover y acompa\u00f1ar la participaci\u00f3n organizada de personas, grupos y comunidades para superar o transformar situaci\u00f3n problema. &#8211; Realizar acciones de promoci\u00f3n, prevenci\u00f3n, asistencia y articulaci\u00f3n dirigida a personas y grupos sociales para resoluci\u00f3n conjunta de necesidades y el ejercicio de derecho. -Brindar orientaci\u00f3n, &#8230; <a title=\"Tecnicaturas\" class=\"read-more\" href=\"https:\/\/uegp172-cha.infd.edu.ar\/sitio\/tecnicaturas\/\" aria-label=\"More on Tecnicaturas\">[+]<\/a><\/p>\n","protected":false},"author":12,"featured_media":0,"parent":0,"menu_order":0,"comment_status":"closed","ping_status":"closed","template":"","meta":[],"acf":[],"_links":{"self":[{"href":"https:\/\/uegp172-cha.infd.edu.ar\/sitio\/wp-json\/wp\/v2\/pages\/810"}],"collection":[{"href":"https:\/\/uegp172-cha.infd.edu.ar\/sitio\/wp-json\/wp\/v2\/pages"}],"about":[{"href":"https:\/\/uegp172-cha.infd.edu.ar\/sitio\/wp-json\/wp\/v2\/types\/page"}],"author":[{"embeddable":true,"href":"https:\/\/uegp172-cha.infd.edu.ar\/sitio\/wp-json\/wp\/v2\/users\/12"}],"replies":[{"embeddable":true,"href":"https:\/\/uegp172-cha.infd.edu.ar\/sitio\/wp-json\/wp\/v2\/comments?post=810"}],"version-history":[{"count":14,"href":"https:\/\/uegp172-cha.infd.edu.ar\/sitio\/wp-json\/wp\/v2\/pages\/810\/revisions"}],"predecessor-version":[{"id":943,"href":"https:\/\/uegp172-cha.infd.edu.ar\/sitio\/wp-json\/wp\/v2\/pages\/810\/revisions\/943"}],"wp:attachment":[{"href":"https:\/\/uegp172-cha.infd.edu.ar\/sitio\/wp-json\/wp\/v2\/media?parent=810"}],"curies":[{"name":"wp","href":"https:\/\/api.w.org\/{rel}","templated":true}]}}