{"id":813,"date":"2019-04-25T21:45:36","date_gmt":"2019-04-26T00:45:36","guid":{"rendered":"https:\/\/uegp172-cha.infd.edu.ar\/sitio\/?page_id=813"},"modified":"2020-03-05T20:34:05","modified_gmt":"2020-03-05T23:34:05","slug":"formacion-profesional","status":"publish","type":"page","link":"https:\/\/uegp172-cha.infd.edu.ar\/sitio\/formacion-profesional\/","title":{"rendered":"Formaci\u00f3n Profesional"},"content":{"rendered":"<ul>\n<li>Operador de Inform\u00e1tica para la Administraci\u00f3n y Gesti\u00f3n- Disp. N\u00b0 2459\/18 DEPGP<\/li>\n<li>Auxiliar de carpinter\u00eda \u2013Construcci\u00f3n sencilla en MDF Disp. N\u00b0 2459\/18\u00a0 DEPGP<\/li>\n<li>Operario Hort\u00edcola &#8211; Disp. N\u00b0 2459\/18\u00a0 DEPGP<\/li>\n<li>Productor Hort\u00edcola<\/li>\n<li>Ceremonial y Protocolo &#8211; Disp. N\u00b0 2459\/18\u00a0 DEPGP<\/li>\n<li>Auxiliar en Instalaci\u00f3n Sanitaria &#8211;\u00a0 Disp. N\u00b0 2459\/18\u00a0 DEPGP<\/li>\n<li>Auxiliar en Instalaciones El\u00e9ctricas Domiciliarias- Disp. N\u00b0 2459\/18 DEPGP<\/li>\n<li>Alba\u00f1il\u00a0 &#8211; Disp. N\u00b0 2459\/18\u00a0 DEPGP<\/li>\n<li>Peluquer\u00eda &#8211; Disp. N\u00b0 425\/18<\/li>\n<li>Curso de Ingl\u00e9s T\u00e9cnico Nivel 1, 2 y 3 Disp. 141\/18 DEPG<\/li>\n<li>Auxiliar de Carpinter\u00eda, madera y muebles.<\/li>\n<li>Auxiliar en construcci\u00f3n en seco con componentes livianos<\/li>\n<li>Auxiliar en cuidados Gerontol\u00f3gicos<\/li>\n<li>Auxiliar en Marroquiner\u00eda<\/li>\n<li>Auxiliar Tapicer\u00eda<\/li>\n<li>Auxiliar Panadero y Repostero<\/li>\n<li>Cosmetolog\u00eda<\/li>\n<li>Libraci\u00f3n de Elementos Estructurales<\/li>\n<li>Gastronom\u00eda: Patas y Salsas<\/li>\n<li>Gastronom\u00eda: Cocina B\u00e1sica<\/li>\n<li>Ingl\u00e9s B\u00e1sico<\/li>\n<li>Ingl\u00e9s T\u00e9cnico- Niveles I, II y III<\/li>\n<li>Refrigeraci\u00f3n y aire acondicionado<\/li>\n<li>Reparador de calzado- Zapatero<\/li>\n<li>Reparador de electrodom\u00e9sticos<\/li>\n<\/ul>\n","protected":false},"excerpt":{"rendered":"<p>Operador de Inform\u00e1tica para la Administraci\u00f3n y Gesti\u00f3n- Disp. N\u00b0 2459\/18 DEPGP Auxiliar de carpinter\u00eda \u2013Construcci\u00f3n sencilla en MDF Disp. N\u00b0 2459\/18\u00a0 DEPGP Operario Hort\u00edcola &#8211; Disp. N\u00b0 2459\/18\u00a0 DEPGP Productor Hort\u00edcola Ceremonial y Protocolo &#8211; Disp. N\u00b0 2459\/18\u00a0 DEPGP Auxiliar en Instalaci\u00f3n Sanitaria &#8211;\u00a0 Disp. N\u00b0 2459\/18\u00a0 DEPGP Auxiliar en Instalaciones El\u00e9ctricas Domiciliarias- Disp. &#8230; <a title=\"Formaci\u00f3n Profesional\" class=\"read-more\" href=\"https:\/\/uegp172-cha.infd.edu.ar\/sitio\/formacion-profesional\/\" aria-label=\"More on Formaci\u00f3n Profesional\">[+]<\/a><\/p>\n","protected":false},"author":12,"featured_media":0,"parent":0,"menu_order":0,"comment_status":"closed","ping_status":"closed","template":"","meta":[],"acf":[],"_links":{"self":[{"href":"https:\/\/uegp172-cha.infd.edu.ar\/sitio\/wp-json\/wp\/v2\/pages\/813"}],"collection":[{"href":"https:\/\/uegp172-cha.infd.edu.ar\/sitio\/wp-json\/wp\/v2\/pages"}],"about":[{"href":"https:\/\/uegp172-cha.infd.edu.ar\/sitio\/wp-json\/wp\/v2\/types\/page"}],"author":[{"embeddable":true,"href":"https:\/\/uegp172-cha.infd.edu.ar\/sitio\/wp-json\/wp\/v2\/users\/12"}],"replies":[{"embeddable":true,"href":"https:\/\/uegp172-cha.infd.edu.ar\/sitio\/wp-json\/wp\/v2\/comments?post=813"}],"version-history":[{"count":3,"href":"https:\/\/uegp172-cha.infd.edu.ar\/sitio\/wp-json\/wp\/v2\/pages\/813\/revisions"}],"predecessor-version":[{"id":913,"href":"https:\/\/uegp172-cha.infd.edu.ar\/sitio\/wp-json\/wp\/v2\/pages\/813\/revisions\/913"}],"wp:attachment":[{"href":"https:\/\/uegp172-cha.infd.edu.ar\/sitio\/wp-json\/wp\/v2\/media?parent=813"}],"curies":[{"name":"wp","href":"https:\/\/api.w.org\/{rel}","templated":true}]}}